{"id":12,"date":"2024-02-19T11:14:21","date_gmt":"2024-02-19T10:14:21","guid":{"rendered":"http:\/\/parentsdaddictsanonymes.fr\/?page_id=12"},"modified":"2024-09-19T17:06:15","modified_gmt":"2024-09-19T15:06:15","slug":"contact","status":"publish","type":"page","link":"https:\/\/parentsdaddictsanonymes.fr\/index.php\/contact\/","title":{"rendered":"Contact"},"content":{"rendered":"<h1>Nous contacter<\/h1>\n<div>\n<div class=\"frm_forms  with_frm_style frm_style_style-formidable\" id=\"frm_form_1_container\" >\n<form enctype=\"multipart\/form-data\" method=\"post\" class=\"frm-show-form \" id=\"form_contact-form\" >\n<div class=\"frm_form_fields \">\n<fieldset>\n<legend class=\"frm_screen_reader\">Contactez-nous<\/legend>\r\n\r\n<div class=\"frm_fields_container\">\n<input type=\"hidden\" name=\"frm_action\" value=\"create\" \/>\n<input type=\"hidden\" name=\"form_id\" value=\"1\" \/>\n<input type=\"hidden\" name=\"frm_hide_fields_1\" id=\"frm_hide_fields_1\" value=\"\" \/>\n<input type=\"hidden\" name=\"form_key\" value=\"contact-form\" \/>\n<input type=\"hidden\" name=\"item_meta[0]\" value=\"\" \/>\n<input type=\"hidden\" id=\"frm_submit_entry_1\" name=\"frm_submit_entry_1\" value=\"69e3f77026\" \/><input type=\"hidden\" name=\"_wp_http_referer\" value=\"\/index.php\/wp-json\/wp\/v2\/pages\/12\" \/><div id=\"frm_field_10_container\" class=\"frm_form_field form-field  frm_required_field frm_top_container\">\r\n\t<div  id=\"field_dicq6_label\" class=\"frm_primary_label\">Votre nom et pr\u00e9nom\r\n\t\t<span class=\"frm_required\" aria-hidden=\"true\">*<\/span>\r\n\t<\/div>\r\n\t<fieldset aria-labelledby=\"field_dicq6_label\">\n\t<legend class=\"frm_screen_reader frm_hidden\">\n\t\tVotre nom et pr\u00e9nom\t<\/legend>\n\n\t<div  class=\"frm_combo_inputs_container\" id=\"frm_combo_inputs_container_10\" data-name-layout=\"first_last\">\n\t\t\t\t\t<div\n\t\t\t\tid=\"frm_field_10-first_container\"\n\t\t\t\tclass=\"frm_form_field form-field frm_form_subfield-first  frm6\"\n\t\t\t\tdata-sub-field-name=\"first\"\n\t\t\t>\n\t\t\t\t<label for=\"field_dicq6_first\" class=\"frm_screen_reader frm_hidden\">\n\t\t\t\t\tNOM\t\t\t\t<\/label>\n\n\t\t\t\t<input  type=\"text\" id=\"field_dicq6_first\" value=\"\" name=\"item_meta[10][first]\" autocomplete=\"given-name\" data-reqmsg=\"Votre nom et pr\u00e9nom ne peut pas \u00eatre vide.\" aria-required=\"true\" data-invmsg=\"Votre nom et pr\u00e9nom est non valide\" aria-invalid=\"false\"  \/><div class=\"frm_description\" id=\"frm_field_10_first_desc\">NOM<\/div>\t\t\t<\/div>\n\t\t\t\t\t\t<div\n\t\t\t\tid=\"frm_field_10-last_container\"\n\t\t\t\tclass=\"frm_form_field form-field frm_form_subfield-last  frm6\"\n\t\t\t\tdata-sub-field-name=\"last\"\n\t\t\t>\n\t\t\t\t<label for=\"field_dicq6_last\" class=\"frm_screen_reader frm_hidden\">\n\t\t\t\t\tPr\u00e9nom\t\t\t\t<\/label>\n\n\t\t\t\t<input  type=\"text\" id=\"field_dicq6_last\" value=\"\" name=\"item_meta[10][last]\" autocomplete=\"family-name\" data-reqmsg=\"Votre nom et pr\u00e9nom ne peut pas \u00eatre vide.\" aria-required=\"true\" data-invmsg=\"Votre nom et pr\u00e9nom est non valide\" aria-invalid=\"false\"  \/><div class=\"frm_description\" id=\"frm_field_10_last_desc\">Pr\u00e9nom<\/div>\t\t\t<\/div>\n\t\t\t\t<\/div>\n<\/fieldset>\n\r\n\t\r\n\t\r\n<\/div>\n<div id=\"frm_field_3_container\" class=\"frm_form_field form-field  frm_required_field frm_top_container frm12 frm_first\">\r\n\t<label for=\"field_29yf4d\" id=\"field_29yf4d_label\" class=\"frm_primary_label\">Votre e-mail\r\n\t\t<span class=\"frm_required\" aria-hidden=\"true\">*<\/span>\r\n\t<\/label>\r\n\t<input type=\"email\" id=\"field_29yf4d\" name=\"item_meta[3]\" value=\"\"  data-reqmsg=\"Votre e-mail ne peut pas \u00eatre vide.\" aria-required=\"true\" data-invmsg=\"Please enter a valid email address\" aria-invalid=\"false\"  \/>\r\n\t\r\n\t\r\n<\/div>\n<div id=\"frm_field_11_container\" class=\"frm_form_field form-field  frm_required_field frm_top_container frm12 frm_first\">\r\n\t<label for=\"field_rsofc\" id=\"field_rsofc_label\" class=\"frm_primary_label\">Votre num\u00e9ro de t\u00e9l\u00e9phone\r\n\t\t<span class=\"frm_required\" aria-hidden=\"true\">*<\/span>\r\n\t<\/label>\r\n\t<input type=\"text\" id=\"field_rsofc\" name=\"item_meta[11]\" value=\"\"  data-reqmsg=\"Votre num\u00e9ro de t\u00e9l\u00e9phone ne peut pas \u00eatre vide.\" aria-required=\"true\" data-invmsg=\"Votre num\u00e9ro de t\u00e9l\u00e9phone est non valide\" aria-invalid=\"false\"  \/>\r\n\t\r\n\t\r\n<\/div>\n<div id=\"frm_field_8_container\" class=\"frm_form_field form-field  frm_top_container\">\r\n\t<label for=\"field_idrus\" id=\"field_idrus_label\" class=\"frm_primary_label\">Je souhaite\r\n\t\t<span class=\"frm_required\" aria-hidden=\"true\"><\/span>\r\n\t<\/label>\r\n\t\t\t<select name=\"item_meta[8]\" id=\"field_idrus\"  data-invmsg=\"Je souhaite est non valide\" class=\"auto_width\" aria-invalid=\"false\"  >\n\t\t<option  value=\"Recevoir des informations\/prendre rdv avec un accompagnant\">Recevoir des informations\/prendre rdv avec un accompagnant<\/option><option  value=\"Participer \u00e0 un groupe de paroles PAA (pr\u00e9ciser la date souhait\u00e9e)\">Participer \u00e0 un groupe de paroles PAA (pr\u00e9ciser la date souhait\u00e9e)<\/option><option  value=\"M&#039;inscrire au week-end annuel\">M&#039;inscrire au week-end annuel<\/option><option  value=\"Recevoir le calendrier des rencontres PAA\">Recevoir le calendrier des rencontres PAA<\/option>\t<\/select>\n\t\r\n\t\r\n\t\r\n<\/div>\n<div id=\"frm_field_5_container\" class=\"frm_form_field form-field  frm_required_field frm_top_container frm12 frm_first\">\r\n\t<label for=\"field_9jv0r1\" id=\"field_9jv0r1_label\" class=\"frm_primary_label\">Votre message\r\n\t\t<span class=\"frm_required\" aria-hidden=\"true\">*<\/span>\r\n\t<\/label>\r\n\t<textarea name=\"item_meta[5]\" id=\"field_9jv0r1\" rows=\"5\"  data-reqmsg=\"Votre message ne peut pas \u00eatre vide.\" aria-required=\"true\" data-invmsg=\"Votre message est non valide\" aria-invalid=\"false\"  ><\/textarea>\r\n\t\r\n\t\r\n<\/div>\n<div id=\"frm_field_7_container\" class=\"frm_form_field form-field \">\r\n\t<div class=\"frm_submit frm_flex\">\r\n<button class=\"frm_button_submit\" type=\"submit\"  >Envoyer<\/button>\r\n\r\n\r\n\r\n<\/div>\r\n<\/div>\n\t<input type=\"hidden\" name=\"item_key\" value=\"\" \/>\n\t\t\t<div id=\"frm_field_12_container\">\n\t\t\t<label for=\"field_dc60\" >\n\t\t\t\tSi vous \u00eates un humain, ne remplissez pas ce champ.\t\t\t<\/label>\n\t\t\t<input  id=\"field_dc60\" type=\"text\" class=\"frm_form_field form-field frm_verify\" name=\"item_meta[12]\" value=\"\"  \/>\n\t\t<\/div>\n\t\t<input name=\"frm_state\" type=\"hidden\" value=\"epzjizVxQudNVGxC5dHMM9M1xB\/hhV4tDH1i\/skFabs=\" \/><\/div>\n<\/fieldset>\n<\/div>\n\n<\/form>\n<\/div>\n<\/div>\n<h1>Nos adresses<\/h1>\n<ul>\n<li>\n<h3>Les Besses &#8211; Maison pour hommes<\/h3>\n<div>\n<h6>2 route de la Catinauderie <br \/>36 180 Pellevoisin<br \/><a href=\"tel:0254390310\">02 54 39 03 10<\/a><br \/><a href=\"mailto:lesbesses@stjean.com\">lesbesses@stjean-esperance.net<\/a><\/h6>\n<\/div>\n<\/li>\n<li>\n<h3>La Bret\u00e8che<\/h3>\n<div>\n<h6>6 rue Mauges, le Mesnil En Vall\u00e9e <br \/>49 410 Mauges sur Loire<br \/><a href=\"tel:0973760607\">09 73 76 06 07<\/a><br \/><a href=\"mailto:labreteche@stjean-esperance.net\">labreteche@stjean-esperance.net<\/a><\/h6>\n<\/div>\n<\/li>\n<\/ul>\n<p><!--more--><br \/>\n<!-- {\"type\":\"layout\",\"children\":[{\"type\":\"section\",\"props\":{\"image_position\":\"center-center\",\"padding\":\"small\",\"style\":\"default\",\"title_breakpoint\":\"xl\",\"title_position\":\"top-left\",\"title_rotation\":\"left\",\"vertical_align\":\"middle\",\"width\":\"default\"},\"children\":[{\"type\":\"row\",\"children\":[{\"type\":\"column\",\"props\":{\"image_position\":\"center-center\",\"position_sticky_breakpoint\":\"m\"},\"children\":[{\"type\":\"headline\",\"props\":{\"content\":\"Nous contacter\",\"id\":\"contacter\",\"title_element\":\"h1\"}},{\"type\":\"html\",\"props\":{\"content\":\"[formidable id=1]\"}}]}]}]},{\"type\":\"section\",\"props\":{\"image_position\":\"center-center\",\"overlap\":false,\"padding\":\"small\",\"preserve_color\":false,\"style\":\"muted\",\"title_breakpoint\":\"xl\",\"title_position\":\"top-left\",\"title_rotation\":\"left\",\"vertical_align\":\"middle\",\"width\":\"default\"},\"children\":[{\"type\":\"row\",\"children\":[{\"type\":\"column\",\"props\":{\"image_position\":\"center-center\",\"position_sticky_breakpoint\":\"m\"},\"children\":[{\"type\":\"headline\",\"props\":{\"content\":\"Nos adresses\",\"id\":\"nosadresses\",\"title_element\":\"h1\"}},{\"type\":\"accordion\",\"props\":{\"collapsible\":true,\"content_column_breakpoint\":\"m\",\"image_align\":\"top\",\"image_grid_breakpoint\":\"m\",\"image_grid_width\":\"1-2\",\"image_svg_color\":\"emphasis\",\"link_style\":\"default\",\"link_text\":\"Read more\",\"show_image\":true,\"show_link\":true},\"children\":[{\"type\":\"accordion_item\",\"props\":{\"content\":\"\n\n<h6>2 route de la Catinauderie <br \\\/>36 180 Pellevoisin<br \\\/><a href=\\\"tel:0254390310\\\">02 54 39 03 10<\\\/a><br \\\/><a href=\\\"mailto:lesbesses@stjean.com\\\">lesbesses@stjean-esperance.net<\\\/a><\\\/h6>\",\"title\":\"Les Besses - Maison pour hommes\"}},{\"type\":\"accordion_item\",\"props\":{\"content\":\"\n\n<h6>6 rue Mauges, le Mesnil En Vall\\u00e9e <br \\\/>49 410 Mauges sur Loire<br \\\/><a href=\\\"tel:0973760607\\\">09 73 76 06 07<\\\/a><br \\\/><a href=\\\"mailto:labreteche@stjean-esperance.net\\\">labreteche@stjean-esperance.net<\\\/a><\\\/h6>\",\"title\":\"La Bret\\u00e8che\"}}]}]}]}]}],\"version\":\"4.3.8\"} --><\/p>\n","protected":false},"excerpt":{"rendered":"<p>Nous contacter Nos adresses Les Besses &#8211; Maison pour hommes 2 route de la Catinauderie 36 180 Pellevoisin02 54 39 03 10lesbesses@stjean-esperance.net La Bret\u00e8che 6 rue Mauges, le Mesnil En Vall\u00e9e 49 410 Mauges sur Loire09 73 76 06 07labreteche@stjean-esperance.net<\/p>\n","protected":false},"author":3,"featured_media":0,"parent":0,"menu_order":0,"comment_status":"closed","ping_status":"closed","template":"","meta":{"footnotes":""},"class_list":["post-12","page","type-page","status-publish","hentry"],"yoast_head":"<!-- This site is optimized with the Yoast SEO plugin v27.3 - https:\/\/yoast.com\/product\/yoast-seo-wordpress\/ -->\n<title>Contact - Parents d&#039;addicts anonymes<\/title>\n<meta name=\"description\" content=\"Votre enfant est addict ? Parents d&#039;Addicts Anonymes vous aide \u00e0 partager votre v\u00e9cu accompagn\u00e9s par des professionnels : rejoignez-nous !\" \/>\n<meta name=\"robots\" content=\"index, follow, max-snippet:-1, max-image-preview:large, max-video-preview:-1\" \/>\n<link rel=\"canonical\" href=\"http:\/\/parentsdaddictsanonymes.fr\/index.php\/contact\/\" \/>\n<meta property=\"og:locale\" content=\"fr_FR\" \/>\n<meta property=\"og:type\" content=\"article\" \/>\n<meta property=\"og:title\" content=\"Contact - Parents d&#039;addicts anonymes\" \/>\n<meta property=\"og:description\" content=\"Votre enfant est addict ? Parents d&#039;Addicts Anonymes vous aide \u00e0 partager votre v\u00e9cu accompagn\u00e9s par des professionnels : rejoignez-nous !\" \/>\n<meta property=\"og:url\" content=\"http:\/\/parentsdaddictsanonymes.fr\/index.php\/contact\/\" \/>\n<meta property=\"og:site_name\" content=\"Parents d&#039;Addicts Anonymes\" \/>\n<meta property=\"article:publisher\" content=\"https:\/\/www.facebook.com\/profile.php?id=61555261401063\" \/>\n<meta property=\"article:modified_time\" content=\"2024-09-19T15:06:15+00:00\" \/>\n<meta name=\"twitter:card\" content=\"summary_large_image\" \/>\n<meta name=\"twitter:label1\" content=\"Dur\u00e9e de lecture estim\u00e9e\" \/>\n\t<meta name=\"twitter:data1\" content=\"1 minute\" \/>\n<script type=\"application\/ld+json\" class=\"yoast-schema-graph\">{\"@context\":\"https:\\\/\\\/schema.org\",\"@graph\":[{\"@type\":\"WebPage\",\"@id\":\"http:\\\/\\\/parentsdaddictsanonymes.fr\\\/index.php\\\/contact\\\/\",\"url\":\"http:\\\/\\\/parentsdaddictsanonymes.fr\\\/index.php\\\/contact\\\/\",\"name\":\"Contact - Parents d'addicts anonymes\",\"isPartOf\":{\"@id\":\"http:\\\/\\\/parentsdaddictsanonymes.fr\\\/#website\"},\"datePublished\":\"2024-02-19T10:14:21+00:00\",\"dateModified\":\"2024-09-19T15:06:15+00:00\",\"description\":\"Votre enfant est addict ? Parents d'Addicts Anonymes vous aide \u00e0 partager votre v\u00e9cu accompagn\u00e9s par des professionnels : rejoignez-nous !\",\"breadcrumb\":{\"@id\":\"http:\\\/\\\/parentsdaddictsanonymes.fr\\\/index.php\\\/contact\\\/#breadcrumb\"},\"inLanguage\":\"fr-FR\",\"potentialAction\":[{\"@type\":\"ReadAction\",\"target\":[\"http:\\\/\\\/parentsdaddictsanonymes.fr\\\/index.php\\\/contact\\\/\"]}]},{\"@type\":\"BreadcrumbList\",\"@id\":\"http:\\\/\\\/parentsdaddictsanonymes.fr\\\/index.php\\\/contact\\\/#breadcrumb\",\"itemListElement\":[{\"@type\":\"ListItem\",\"position\":1,\"name\":\"Accueil\",\"item\":\"http:\\\/\\\/parentsdaddictsanonymes.fr\\\/\"},{\"@type\":\"ListItem\",\"position\":2,\"name\":\"Contact\"}]},{\"@type\":\"WebSite\",\"@id\":\"http:\\\/\\\/parentsdaddictsanonymes.fr\\\/#website\",\"url\":\"http:\\\/\\\/parentsdaddictsanonymes.fr\\\/\",\"name\":\"Parents d'addicts anonymes\",\"description\":\"Bienveillance, \u00e9changes, compr\u00e9hension\",\"publisher\":{\"@id\":\"http:\\\/\\\/parentsdaddictsanonymes.fr\\\/#organization\"},\"potentialAction\":[{\"@type\":\"SearchAction\",\"target\":{\"@type\":\"EntryPoint\",\"urlTemplate\":\"http:\\\/\\\/parentsdaddictsanonymes.fr\\\/?s={search_term_string}\"},\"query-input\":{\"@type\":\"PropertyValueSpecification\",\"valueRequired\":true,\"valueName\":\"search_term_string\"}}],\"inLanguage\":\"fr-FR\"},{\"@type\":\"Organization\",\"@id\":\"http:\\\/\\\/parentsdaddictsanonymes.fr\\\/#organization\",\"name\":\"Parents d'addicts anonymes\",\"url\":\"http:\\\/\\\/parentsdaddictsanonymes.fr\\\/\",\"logo\":{\"@type\":\"ImageObject\",\"inLanguage\":\"fr-FR\",\"@id\":\"http:\\\/\\\/parentsdaddictsanonymes.fr\\\/#\\\/schema\\\/logo\\\/image\\\/\",\"url\":\"https:\\\/\\\/parentsdaddictsanonymes.fr\\\/wp-content\\\/uploads\\\/2024\\\/04\\\/RVB_Icone_Principal.png\",\"contentUrl\":\"https:\\\/\\\/parentsdaddictsanonymes.fr\\\/wp-content\\\/uploads\\\/2024\\\/04\\\/RVB_Icone_Principal.png\",\"width\":383,\"height\":363,\"caption\":\"Parents d'addicts anonymes\"},\"image\":{\"@id\":\"http:\\\/\\\/parentsdaddictsanonymes.fr\\\/#\\\/schema\\\/logo\\\/image\\\/\"},\"sameAs\":[\"https:\\\/\\\/www.facebook.com\\\/profile.php?id=61555261401063\",\"https:\\\/\\\/www.instagram.com\\\/parents_daddicts_anonymes\\\/\"]}]}<\/script>\n<!-- \/ Yoast SEO plugin. -->","yoast_head_json":{"title":"Contact - Parents d'addicts anonymes","description":"Votre enfant est addict ? Parents d'Addicts Anonymes vous aide \u00e0 partager votre v\u00e9cu accompagn\u00e9s par des professionnels : rejoignez-nous !","robots":{"index":"index","follow":"follow","max-snippet":"max-snippet:-1","max-image-preview":"max-image-preview:large","max-video-preview":"max-video-preview:-1"},"canonical":"http:\/\/parentsdaddictsanonymes.fr\/index.php\/contact\/","og_locale":"fr_FR","og_type":"article","og_title":"Contact - Parents d'addicts anonymes","og_description":"Votre enfant est addict ? Parents d'Addicts Anonymes vous aide \u00e0 partager votre v\u00e9cu accompagn\u00e9s par des professionnels : rejoignez-nous !","og_url":"http:\/\/parentsdaddictsanonymes.fr\/index.php\/contact\/","og_site_name":"Parents d&#039;Addicts Anonymes","article_publisher":"https:\/\/www.facebook.com\/profile.php?id=61555261401063","article_modified_time":"2024-09-19T15:06:15+00:00","twitter_card":"summary_large_image","twitter_misc":{"Dur\u00e9e de lecture estim\u00e9e":"1 minute"},"schema":{"@context":"https:\/\/schema.org","@graph":[{"@type":"WebPage","@id":"http:\/\/parentsdaddictsanonymes.fr\/index.php\/contact\/","url":"http:\/\/parentsdaddictsanonymes.fr\/index.php\/contact\/","name":"Contact - Parents d'addicts anonymes","isPartOf":{"@id":"http:\/\/parentsdaddictsanonymes.fr\/#website"},"datePublished":"2024-02-19T10:14:21+00:00","dateModified":"2024-09-19T15:06:15+00:00","description":"Votre enfant est addict ? Parents d'Addicts Anonymes vous aide \u00e0 partager votre v\u00e9cu accompagn\u00e9s par des professionnels : rejoignez-nous !","breadcrumb":{"@id":"http:\/\/parentsdaddictsanonymes.fr\/index.php\/contact\/#breadcrumb"},"inLanguage":"fr-FR","potentialAction":[{"@type":"ReadAction","target":["http:\/\/parentsdaddictsanonymes.fr\/index.php\/contact\/"]}]},{"@type":"BreadcrumbList","@id":"http:\/\/parentsdaddictsanonymes.fr\/index.php\/contact\/#breadcrumb","itemListElement":[{"@type":"ListItem","position":1,"name":"Accueil","item":"http:\/\/parentsdaddictsanonymes.fr\/"},{"@type":"ListItem","position":2,"name":"Contact"}]},{"@type":"WebSite","@id":"http:\/\/parentsdaddictsanonymes.fr\/#website","url":"http:\/\/parentsdaddictsanonymes.fr\/","name":"Parents d'addicts anonymes","description":"Bienveillance, \u00e9changes, compr\u00e9hension","publisher":{"@id":"http:\/\/parentsdaddictsanonymes.fr\/#organization"},"potentialAction":[{"@type":"SearchAction","target":{"@type":"EntryPoint","urlTemplate":"http:\/\/parentsdaddictsanonymes.fr\/?s={search_term_string}"},"query-input":{"@type":"PropertyValueSpecification","valueRequired":true,"valueName":"search_term_string"}}],"inLanguage":"fr-FR"},{"@type":"Organization","@id":"http:\/\/parentsdaddictsanonymes.fr\/#organization","name":"Parents d'addicts anonymes","url":"http:\/\/parentsdaddictsanonymes.fr\/","logo":{"@type":"ImageObject","inLanguage":"fr-FR","@id":"http:\/\/parentsdaddictsanonymes.fr\/#\/schema\/logo\/image\/","url":"https:\/\/parentsdaddictsanonymes.fr\/wp-content\/uploads\/2024\/04\/RVB_Icone_Principal.png","contentUrl":"https:\/\/parentsdaddictsanonymes.fr\/wp-content\/uploads\/2024\/04\/RVB_Icone_Principal.png","width":383,"height":363,"caption":"Parents d'addicts anonymes"},"image":{"@id":"http:\/\/parentsdaddictsanonymes.fr\/#\/schema\/logo\/image\/"},"sameAs":["https:\/\/www.facebook.com\/profile.php?id=61555261401063","https:\/\/www.instagram.com\/parents_daddicts_anonymes\/"]}]}},"_links":{"self":[{"href":"https:\/\/parentsdaddictsanonymes.fr\/index.php\/wp-json\/wp\/v2\/pages\/12","targetHints":{"allow":["GET"]}}],"collection":[{"href":"https:\/\/parentsdaddictsanonymes.fr\/index.php\/wp-json\/wp\/v2\/pages"}],"about":[{"href":"https:\/\/parentsdaddictsanonymes.fr\/index.php\/wp-json\/wp\/v2\/types\/page"}],"author":[{"embeddable":true,"href":"https:\/\/parentsdaddictsanonymes.fr\/index.php\/wp-json\/wp\/v2\/users\/3"}],"replies":[{"embeddable":true,"href":"https:\/\/parentsdaddictsanonymes.fr\/index.php\/wp-json\/wp\/v2\/comments?post=12"}],"version-history":[{"count":5,"href":"https:\/\/parentsdaddictsanonymes.fr\/index.php\/wp-json\/wp\/v2\/pages\/12\/revisions"}],"predecessor-version":[{"id":543,"href":"https:\/\/parentsdaddictsanonymes.fr\/index.php\/wp-json\/wp\/v2\/pages\/12\/revisions\/543"}],"wp:attachment":[{"href":"https:\/\/parentsdaddictsanonymes.fr\/index.php\/wp-json\/wp\/v2\/media?parent=12"}],"curies":[{"name":"wp","href":"https:\/\/api.w.org\/{rel}","templated":true}]}}