{"id":926,"date":"2026-02-24T11:30:27","date_gmt":"2026-02-24T10:30:27","guid":{"rendered":"https:\/\/parentsdaddictsanonymes.fr\/?page_id=926"},"modified":"2026-03-27T12:28:19","modified_gmt":"2026-03-27T11:28:19","slug":"comptes-rendus","status":"publish","type":"page","link":"https:\/\/parentsdaddictsanonymes.fr\/index.php\/comptes-rendus\/","title":{"rendered":"Comptes rendus"},"content":{"rendered":"<h1>Comptes rendus des r\u00e9unions<\/h1>\n<div>\n<p><span style=\"font-weight: 400;\">Retrouvez ici l\u2019essentiel des \u00e9changes et des th\u00e9matiques abord\u00e9es lors de nos pr\u00e9c\u00e9dentes rencontres. Ces comptes rendus constituent <strong>une m\u00e9moire partag\u00e9e de nos discussions,<\/strong> permettant \u00e0 chacun de suivre l&rsquo;\u00e9volution de nos r\u00e9flexions et de nourrir son propre cheminement.<\/span><\/p>\n<\/div>\n<ul>\n<li>\n<p>        <img decoding=\"async\" src=\"\/wp-content\/uploads\/2026\/03\/back-of-hipster-girl-in-windbreaker-holding-cigare-2026-01-09-06-50-41-utc-scaled.jpg\" alt=\"\"><\/p>\n<h3>Les filles face \u00e0 leurs addictions<\/h3>\n<p>17 mars 2026<\/p>\n<div>Groupe de parole &#8211; visio<\/div>\n<p><a href=\"https:\/\/parentsdaddictsanonymes.fr\/wp-content\/uploads\/2026\/03\/Reunion-zoom-du-17-mars-2026.pdf\">Lire le compte-rendu<\/a><\/p>\n<\/li>\n<li>\n<p>        <img decoding=\"async\" src=\"\/wp-content\/uploads\/2026\/03\/mother-and-teenage-daughter-having-an-arguument-2026-01-07-23-38-54-utc-scaled.jpg\" alt=\"\"><\/p>\n<h3>Comment r\u00e9agir face \u00e0 l&rsquo;addiction d&rsquo;un jeune de votre entourage ?<\/h3>\n<p>11 f\u00e9vrier 2026<\/p>\n<div>Groupe de parole &#8211; visio<\/div>\n<p><a href=\"http:\/\/parentsdaddictsanonymes.fr\/wp-content\/uploads\/2026\/03\/CR-reunion-Zoom-du-11-fevrier-2026-VF.pdf\">Lire le compte-rendu<\/a><\/p>\n<\/li>\n<li>\n<p>        <img decoding=\"async\" src=\"\/wp-content\/uploads\/2024\/03\/psychologist-embracing-patient-in-support-group-2023-11-27-04-51-54-utc-Grande.jpeg\" alt=\"\"><\/p>\n<h3>Auto-sabotage du jeune addict<\/h3>\n<p>13 janvier 2026<\/p>\n<div>Groupe de parole &#8211; visio<\/div>\n<p><a href=\"http:\/\/parentsdaddictsanonymes.fr\/wp-content\/uploads\/2026\/03\/PAA-13-janvier-Auto-sabotage-du-jeune.pdf\">Lire le compte-rendu<\/a><\/p>\n<\/li>\n<\/ul>\n<p><p>\n        <a href=\"https:\/\/parentsdaddictsanonymes.fr\/index.php\/nos-activites\/#rendezvous\">les prochains rendez-vous<\/a>\n    <\/p>\n<\/p>\n<p><!--more--><br \/>\n<!-- {\"type\":\"layout\",\"children\":[{\"name\":\"Hero\",\"type\":\"section\",\"props\":{\"animation\":\"slide-bottom-small\",\"height_viewport\":true,\"height_viewport_offset\":true,\"image\":\"wp-content\/uploads\/2024\/03\/people-support-each-other-in-a-rehab-session-2023-11-27-05-18-34-utc-Moyenne.jpeg\",\"image_loading\":true,\"image_position\":\"center-center\",\"image_size\":\"cover\",\"image_width\":\"1920\",\"media_background\":\"#fff\",\"media_focal_point\":\"top-center\",\"media_overlay\":\"rgba(36, 36, 36, 0.43)\",\"style\":\"default\",\"text_color\":\"light\",\"title_breakpoint\":\"xl\",\"title_position\":\"top-left\",\"title_rotation\":\"left\",\"vertical_align\":\"\",\"width\":\"default\"},\"children\":[{\"type\":\"row\",\"props\":{\"margin_bottom\":\"default\",\"margin_top\":\"default\"},\"children\":[{\"type\":\"column\",\"props\":{\"image_position\":\"center-center\",\"position_sticky_breakpoint\":\"m\",\"width_medium\":\"1-1\"},\"children\":[{\"type\":\"headline\",\"props\":{\"block_align\":\"center\",\"content\":\"Comptes rendus des r\u00e9unions\",\"image_align\":\"left\",\"image_margin\":\"xsmall\",\"margin_bottom\":\"medium\",\"margin_top\":\"medium\",\"maxwidth\":\"2xlarge\",\"text_align\":\"center\",\"title_color\":\"secondary\",\"title_element\":\"h1\",\"title_font_family\":\"secondary\",\"title_style\":\"h2\"}},{\"type\":\"divider\",\"props\":{\"divider_align\":\"center\",\"divider_element\":\"div\",\"divider_style\":\"small\"},\"name\":\"ligne\"},{\"name\":\"intro titre\",\"type\":\"text\",\"props\":{\"block_align\":\"center\",\"column_breakpoint\":\"m\",\"content\":\"\n\n<p><span style=\\\"font-weight: 400;\\\">Retrouvez ici l\u2019essentiel des \u00e9changes et des th\u00e9matiques abord\u00e9es lors de nos pr\u00e9c\u00e9dentes rencontres. Ces comptes rendus constituent <strong>une m\u00e9moire partag\u00e9e de nos discussions,<\/strong> permettant \u00e0 chacun de suivre l'\u00e9volution de nos r\u00e9flexions et de nourrir son propre cheminement.<\/span><\/p>\n\n\",\"dropcap\":false,\"margin_bottom\":\"default\",\"margin_top\":\"default\",\"maxwidth\":\"xlarge\",\"text_align\":\"center\"}}]}]}]},{\"type\":\"section\",\"props\":{\"image_position\":\"center-center\",\"style\":\"default\",\"title_breakpoint\":\"xl\",\"title_position\":\"top-left\",\"title_rotation\":\"left\",\"vertical_align\":\"middle\",\"width\":\"default\"},\"children\":[{\"type\":\"row\",\"children\":[{\"type\":\"column\",\"props\":{\"image_position\":\"center-center\",\"position_sticky_breakpoint\":\"m\"},\"children\":[{\"type\":\"grid\",\"props\":{\"content_column_breakpoint\":\"m\",\"content_margin\":\"small\",\"content_style\":\"text-meta\",\"filter_align\":\"left\",\"filter_all\":true,\"filter_grid_breakpoint\":\"m\",\"filter_grid_width\":\"auto\",\"filter_position\":\"top\",\"filter_style\":\"tab\",\"grid_default\":\"1\",\"grid_divider\":false,\"grid_large\":\"3\",\"grid_medium\":\"3\",\"grid_xlarge\":\"3\",\"image_align\":\"top\",\"image_border\":\"rounded\",\"image_expand\":false,\"image_grid_breakpoint\":\"m\",\"image_grid_width\":\"1-2\",\"image_svg_color\":\"emphasis\",\"item_animation\":true,\"lightbox\":false,\"lightbox_bg_close\":true,\"link_style\":\"primary\",\"link_text\":\"Read more\",\"margin_bottom\":\"default\",\"margin_top\":\"default\",\"meta_align\":\"below-title\",\"meta_color\":\"secondary\",\"meta_element\":\"div\",\"meta_margin\":\"small\",\"meta_style\":\"text-meta\",\"panel_padding\":\"small\",\"panel_style\":\"card-default\",\"show_content\":true,\"show_hover_image\":true,\"show_hover_video\":true,\"show_image\":true,\"show_link\":true,\"show_meta\":true,\"show_title\":true,\"show_video\":true,\"title_align\":\"top\",\"title_element\":\"h3\",\"title_grid_breakpoint\":\"m\",\"title_grid_width\":\"1-2\",\"title_hover_style\":\"reset\",\"title_style\":\"h5\"},\"children\":[{\"type\":\"grid_item\",\"props\":{\"content\":\"Groupe de parole - visio\",\"image\":\"wp-content\/uploads\/2026\/03\/back-of-hipster-girl-in-windbreaker-holding-cigare-2026-01-09-06-50-41-utc-scaled.jpg\",\"link\":\"https:\/\/parentsdaddictsanonymes.fr\/wp-content\/uploads\/2026\/03\/Reunion-zoom-du-17-mars-2026.pdf\",\"link_text\":\"Lire le compte-rendu\",\"meta\":\"17 mars 2026\",\"title\":\"Les filles face \u00e0 leurs addictions\"}},{\"type\":\"grid_item\",\"props\":{\"content\":\"Groupe de parole - visio\",\"image\":\"wp-content\/uploads\/2026\/03\/mother-and-teenage-daughter-having-an-arguument-2026-01-07-23-38-54-utc-scaled.jpg\",\"link\":\"http:\/\/parentsdaddictsanonymes.fr\/wp-content\/uploads\/2026\/03\/CR-reunion-Zoom-du-11-fevrier-2026-VF.pdf\",\"link_text\":\"Lire le compte-rendu\",\"meta\":\"11 f\u00e9vrier 2026\",\"title\":\"Comment r\u00e9agir face \u00e0 l'addiction d'un jeune de votre entourage ?\"}},{\"type\":\"grid_item\",\"props\":{\"content\":\"Groupe de parole - visio\",\"image\":\"wp-content\/uploads\/2024\/03\/psychologist-embracing-patient-in-support-group-2023-11-27-04-51-54-utc-Grande.jpeg\",\"link\":\"http:\/\/parentsdaddictsanonymes.fr\/wp-content\/uploads\/2026\/03\/PAA-13-janvier-Auto-sabotage-du-jeune.pdf\",\"link_text\":\"Lire le compte-rendu\",\"meta\":\"13 janvier 2026\",\"title\":\"Auto-sabotage du jeune addict\"}}]},{\"type\":\"button\",\"props\":{\"grid_column_gap\":\"\",\"grid_row_gap\":\"\",\"margin_bottom\":\"small\",\"margin_top\":\"large\",\"text_align\":\"center\"},\"children\":[{\"type\":\"button_item\",\"props\":{\"button_style\":\"danger\",\"content\":\"les prochains rendez-vous\",\"dialog_layout\":\"modal\",\"dialog_offcanvas_flip\":true,\"icon\":\"arrow-right\",\"icon_align\":\"left\",\"link\":\"https:\/\/parentsdaddictsanonymes.fr\/index.php\/nos-activites\/#rendezvous\"}}]}]}]}]}],\"version\":\"5.0.14\"} --><\/p>\n","protected":false},"excerpt":{"rendered":"<p>Comptes rendus des r\u00e9unions Retrouvez ici l\u2019essentiel des \u00e9changes et des th\u00e9matiques abord\u00e9es lors de nos pr\u00e9c\u00e9dentes rencontres. Ces comptes rendus constituent une m\u00e9moire partag\u00e9e de nos discussions, permettant \u00e0 chacun de suivre l&rsquo;\u00e9volution de nos r\u00e9flexions et de nourrir son propre cheminement. Les filles face \u00e0 leurs addictions 17 mars 2026 Groupe de parole [&hellip;]<\/p>\n","protected":false},"author":3,"featured_media":0,"parent":0,"menu_order":0,"comment_status":"closed","ping_status":"closed","template":"","meta":{"footnotes":""},"class_list":["post-926","page","type-page","status-publish","hentry"],"yoast_head":"<!-- This site is optimized with the Yoast SEO plugin v27.3 - https:\/\/yoast.com\/product\/yoast-seo-wordpress\/ -->\n<title>Comptes rendus - Parents d&#039;Addicts Anonymes<\/title>\n<meta name=\"robots\" content=\"index, follow, max-snippet:-1, max-image-preview:large, max-video-preview:-1\" \/>\n<link rel=\"canonical\" href=\"https:\/\/parentsdaddictsanonymes.fr\/index.php\/comptes-rendus\/\" \/>\n<meta property=\"og:locale\" content=\"fr_FR\" \/>\n<meta property=\"og:type\" content=\"article\" \/>\n<meta property=\"og:title\" content=\"Comptes rendus - Parents d&#039;Addicts Anonymes\" \/>\n<meta property=\"og:description\" content=\"Comptes rendus des r\u00e9unions Retrouvez ici l\u2019essentiel des \u00e9changes et des th\u00e9matiques abord\u00e9es lors de nos pr\u00e9c\u00e9dentes rencontres. Ces comptes rendus constituent une m\u00e9moire partag\u00e9e de nos discussions, permettant \u00e0 chacun de suivre l&rsquo;\u00e9volution de nos r\u00e9flexions et de nourrir son propre cheminement. Les filles face \u00e0 leurs addictions 17 mars 2026 Groupe de parole [&hellip;]\" \/>\n<meta property=\"og:url\" content=\"https:\/\/parentsdaddictsanonymes.fr\/index.php\/comptes-rendus\/\" \/>\n<meta property=\"og:site_name\" content=\"Parents d&#039;Addicts Anonymes\" \/>\n<meta property=\"article:publisher\" content=\"https:\/\/www.facebook.com\/profile.php?id=61555261401063\" \/>\n<meta property=\"article:modified_time\" content=\"2026-03-27T11:28:19+00:00\" \/>\n<meta name=\"twitter:card\" content=\"summary_large_image\" \/>\n<meta name=\"twitter:label1\" content=\"Dur\u00e9e de lecture estim\u00e9e\" \/>\n\t<meta name=\"twitter:data1\" content=\"1 minute\" \/>\n<script type=\"application\/ld+json\" class=\"yoast-schema-graph\">{\"@context\":\"https:\\\/\\\/schema.org\",\"@graph\":[{\"@type\":\"WebPage\",\"@id\":\"https:\\\/\\\/parentsdaddictsanonymes.fr\\\/index.php\\\/comptes-rendus\\\/\",\"url\":\"https:\\\/\\\/parentsdaddictsanonymes.fr\\\/index.php\\\/comptes-rendus\\\/\",\"name\":\"Comptes rendus - Parents d&#039;Addicts Anonymes\",\"isPartOf\":{\"@id\":\"https:\\\/\\\/parentsdaddictsanonymes.fr\\\/#website\"},\"datePublished\":\"2026-02-24T10:30:27+00:00\",\"dateModified\":\"2026-03-27T11:28:19+00:00\",\"breadcrumb\":{\"@id\":\"https:\\\/\\\/parentsdaddictsanonymes.fr\\\/index.php\\\/comptes-rendus\\\/#breadcrumb\"},\"inLanguage\":\"fr-FR\",\"potentialAction\":[{\"@type\":\"ReadAction\",\"target\":[\"https:\\\/\\\/parentsdaddictsanonymes.fr\\\/index.php\\\/comptes-rendus\\\/\"]}]},{\"@type\":\"BreadcrumbList\",\"@id\":\"https:\\\/\\\/parentsdaddictsanonymes.fr\\\/index.php\\\/comptes-rendus\\\/#breadcrumb\",\"itemListElement\":[{\"@type\":\"ListItem\",\"position\":1,\"name\":\"Accueil\",\"item\":\"https:\\\/\\\/parentsdaddictsanonymes.fr\\\/\"},{\"@type\":\"ListItem\",\"position\":2,\"name\":\"Comptes rendus\"}]},{\"@type\":\"WebSite\",\"@id\":\"https:\\\/\\\/parentsdaddictsanonymes.fr\\\/#website\",\"url\":\"https:\\\/\\\/parentsdaddictsanonymes.fr\\\/\",\"name\":\"Parents d'addicts anonymes\",\"description\":\"Bienveillance, \u00e9changes, compr\u00e9hension\",\"publisher\":{\"@id\":\"https:\\\/\\\/parentsdaddictsanonymes.fr\\\/#organization\"},\"potentialAction\":[{\"@type\":\"SearchAction\",\"target\":{\"@type\":\"EntryPoint\",\"urlTemplate\":\"https:\\\/\\\/parentsdaddictsanonymes.fr\\\/?s={search_term_string}\"},\"query-input\":{\"@type\":\"PropertyValueSpecification\",\"valueRequired\":true,\"valueName\":\"search_term_string\"}}],\"inLanguage\":\"fr-FR\"},{\"@type\":\"Organization\",\"@id\":\"https:\\\/\\\/parentsdaddictsanonymes.fr\\\/#organization\",\"name\":\"Parents d'addicts anonymes\",\"url\":\"https:\\\/\\\/parentsdaddictsanonymes.fr\\\/\",\"logo\":{\"@type\":\"ImageObject\",\"inLanguage\":\"fr-FR\",\"@id\":\"https:\\\/\\\/parentsdaddictsanonymes.fr\\\/#\\\/schema\\\/logo\\\/image\\\/\",\"url\":\"https:\\\/\\\/parentsdaddictsanonymes.fr\\\/wp-content\\\/uploads\\\/2024\\\/04\\\/RVB_Icone_Principal.png\",\"contentUrl\":\"https:\\\/\\\/parentsdaddictsanonymes.fr\\\/wp-content\\\/uploads\\\/2024\\\/04\\\/RVB_Icone_Principal.png\",\"width\":383,\"height\":363,\"caption\":\"Parents d'addicts anonymes\"},\"image\":{\"@id\":\"https:\\\/\\\/parentsdaddictsanonymes.fr\\\/#\\\/schema\\\/logo\\\/image\\\/\"},\"sameAs\":[\"https:\\\/\\\/www.facebook.com\\\/profile.php?id=61555261401063\",\"https:\\\/\\\/www.instagram.com\\\/parents_daddicts_anonymes\\\/\"]}]}<\/script>\n<!-- \/ Yoast SEO plugin. -->","yoast_head_json":{"title":"Comptes rendus - Parents d&#039;Addicts Anonymes","robots":{"index":"index","follow":"follow","max-snippet":"max-snippet:-1","max-image-preview":"max-image-preview:large","max-video-preview":"max-video-preview:-1"},"canonical":"https:\/\/parentsdaddictsanonymes.fr\/index.php\/comptes-rendus\/","og_locale":"fr_FR","og_type":"article","og_title":"Comptes rendus - Parents d&#039;Addicts Anonymes","og_description":"Comptes rendus des r\u00e9unions Retrouvez ici l\u2019essentiel des \u00e9changes et des th\u00e9matiques abord\u00e9es lors de nos pr\u00e9c\u00e9dentes rencontres. Ces comptes rendus constituent une m\u00e9moire partag\u00e9e de nos discussions, permettant \u00e0 chacun de suivre l&rsquo;\u00e9volution de nos r\u00e9flexions et de nourrir son propre cheminement. Les filles face \u00e0 leurs addictions 17 mars 2026 Groupe de parole [&hellip;]","og_url":"https:\/\/parentsdaddictsanonymes.fr\/index.php\/comptes-rendus\/","og_site_name":"Parents d&#039;Addicts Anonymes","article_publisher":"https:\/\/www.facebook.com\/profile.php?id=61555261401063","article_modified_time":"2026-03-27T11:28:19+00:00","twitter_card":"summary_large_image","twitter_misc":{"Dur\u00e9e de lecture estim\u00e9e":"1 minute"},"schema":{"@context":"https:\/\/schema.org","@graph":[{"@type":"WebPage","@id":"https:\/\/parentsdaddictsanonymes.fr\/index.php\/comptes-rendus\/","url":"https:\/\/parentsdaddictsanonymes.fr\/index.php\/comptes-rendus\/","name":"Comptes rendus - Parents d&#039;Addicts Anonymes","isPartOf":{"@id":"https:\/\/parentsdaddictsanonymes.fr\/#website"},"datePublished":"2026-02-24T10:30:27+00:00","dateModified":"2026-03-27T11:28:19+00:00","breadcrumb":{"@id":"https:\/\/parentsdaddictsanonymes.fr\/index.php\/comptes-rendus\/#breadcrumb"},"inLanguage":"fr-FR","potentialAction":[{"@type":"ReadAction","target":["https:\/\/parentsdaddictsanonymes.fr\/index.php\/comptes-rendus\/"]}]},{"@type":"BreadcrumbList","@id":"https:\/\/parentsdaddictsanonymes.fr\/index.php\/comptes-rendus\/#breadcrumb","itemListElement":[{"@type":"ListItem","position":1,"name":"Accueil","item":"https:\/\/parentsdaddictsanonymes.fr\/"},{"@type":"ListItem","position":2,"name":"Comptes rendus"}]},{"@type":"WebSite","@id":"https:\/\/parentsdaddictsanonymes.fr\/#website","url":"https:\/\/parentsdaddictsanonymes.fr\/","name":"Parents d'addicts anonymes","description":"Bienveillance, \u00e9changes, compr\u00e9hension","publisher":{"@id":"https:\/\/parentsdaddictsanonymes.fr\/#organization"},"potentialAction":[{"@type":"SearchAction","target":{"@type":"EntryPoint","urlTemplate":"https:\/\/parentsdaddictsanonymes.fr\/?s={search_term_string}"},"query-input":{"@type":"PropertyValueSpecification","valueRequired":true,"valueName":"search_term_string"}}],"inLanguage":"fr-FR"},{"@type":"Organization","@id":"https:\/\/parentsdaddictsanonymes.fr\/#organization","name":"Parents d'addicts anonymes","url":"https:\/\/parentsdaddictsanonymes.fr\/","logo":{"@type":"ImageObject","inLanguage":"fr-FR","@id":"https:\/\/parentsdaddictsanonymes.fr\/#\/schema\/logo\/image\/","url":"https:\/\/parentsdaddictsanonymes.fr\/wp-content\/uploads\/2024\/04\/RVB_Icone_Principal.png","contentUrl":"https:\/\/parentsdaddictsanonymes.fr\/wp-content\/uploads\/2024\/04\/RVB_Icone_Principal.png","width":383,"height":363,"caption":"Parents d'addicts anonymes"},"image":{"@id":"https:\/\/parentsdaddictsanonymes.fr\/#\/schema\/logo\/image\/"},"sameAs":["https:\/\/www.facebook.com\/profile.php?id=61555261401063","https:\/\/www.instagram.com\/parents_daddicts_anonymes\/"]}]}},"_links":{"self":[{"href":"https:\/\/parentsdaddictsanonymes.fr\/index.php\/wp-json\/wp\/v2\/pages\/926","targetHints":{"allow":["GET"]}}],"collection":[{"href":"https:\/\/parentsdaddictsanonymes.fr\/index.php\/wp-json\/wp\/v2\/pages"}],"about":[{"href":"https:\/\/parentsdaddictsanonymes.fr\/index.php\/wp-json\/wp\/v2\/types\/page"}],"author":[{"embeddable":true,"href":"https:\/\/parentsdaddictsanonymes.fr\/index.php\/wp-json\/wp\/v2\/users\/3"}],"replies":[{"embeddable":true,"href":"https:\/\/parentsdaddictsanonymes.fr\/index.php\/wp-json\/wp\/v2\/comments?post=926"}],"version-history":[{"count":5,"href":"https:\/\/parentsdaddictsanonymes.fr\/index.php\/wp-json\/wp\/v2\/pages\/926\/revisions"}],"predecessor-version":[{"id":1010,"href":"https:\/\/parentsdaddictsanonymes.fr\/index.php\/wp-json\/wp\/v2\/pages\/926\/revisions\/1010"}],"wp:attachment":[{"href":"https:\/\/parentsdaddictsanonymes.fr\/index.php\/wp-json\/wp\/v2\/media?parent=926"}],"curies":[{"name":"wp","href":"https:\/\/api.w.org\/{rel}","templated":true}]}}